{"id":2,"date":"2026-03-10T16:51:56","date_gmt":"2026-03-10T16:51:56","guid":{"rendered":"https:\/\/form.terasys.com.br\/?page_id=2"},"modified":"2026-03-10T19:58:55","modified_gmt":"2026-03-10T22:58:55","slug":"pagina-exemplo","status":"publish","type":"page","link":"https:\/\/form.terasys.com.br\/","title":{"rendered":""},"content":{"rendered":"\n<div class=\"wpcf7 no-js\" id=\"wpcf7-f65-o1\" lang=\"pt-BR\" dir=\"ltr\" data-wpcf7-id=\"65\">\n<div class=\"screen-reader-response\"><p role=\"status\" aria-live=\"polite\" aria-atomic=\"true\"><\/p> <ul><\/ul><\/div>\n<form action=\"\/index.php\/wp-json\/wp\/v2\/pages\/2#wpcf7-f65-o1\" method=\"post\" class=\"wpcf7-form init\" aria-label=\"Formul\u00e1rios de contato\" novalidate=\"novalidate\" data-status=\"init\">\n<fieldset class=\"hidden-fields-container\"><input type=\"hidden\" name=\"_wpcf7\" value=\"65\" \/><input type=\"hidden\" name=\"_wpcf7_version\" value=\"6.1.5\" \/><input type=\"hidden\" name=\"_wpcf7_locale\" value=\"pt_BR\" \/><input type=\"hidden\" name=\"_wpcf7_unit_tag\" value=\"wpcf7-f65-o1\" \/><input type=\"hidden\" name=\"_wpcf7_container_post\" value=\"0\" \/><input type=\"hidden\" name=\"_wpcf7_posted_data_hash\" value=\"\" \/>\n<\/fieldset>\n<p><script>\nfunction sendHeight(){\n const height = document.body.scrollHeight;\n window.parent.postMessage({formHeight: height}, \"*\");\n}\n\nwindow.addEventListener(\"load\", sendHeight);\nwindow.addEventListener(\"resize\", sendHeight);\n<\/script>\n<\/p>\n<div class=\"industrial-form\">\n\t<h2>Solicita\u00e7\u00e3o de g\u00e1s para segmento industrial\n\t<\/h2>\n\t<p><label>Nome completo do solicitante<\/label><br \/>\n<span class=\"wpcf7-form-control-wrap\" data-name=\"nome\"><input size=\"40\" maxlength=\"400\" class=\"wpcf7-form-control wpcf7-text wpcf7-validates-as-required\" aria-required=\"true\" aria-invalid=\"false\" placeholder=\"Ex: Jo\u00e3o da Silva\" value=\"\" type=\"text\" name=\"nome\" \/><\/span>\n\t<\/p>\n\t<p><label>Nome da ind\u00fastria<\/label><br \/>\n<span class=\"wpcf7-form-control-wrap\" data-name=\"industria\"><input size=\"40\" maxlength=\"400\" class=\"wpcf7-form-control wpcf7-text wpcf7-validates-as-required\" aria-required=\"true\" aria-invalid=\"false\" placeholder=\"Ex: Padaria do Jo\u00e3o\" value=\"\" type=\"text\" name=\"industria\" \/><\/span>\n\t<\/p>\n\t<div class=\"row\">\n\t\t<div class=\"half\">\n\t\t\t<p><label>CNPJ<\/label><br \/>\n<span class=\"wpcf7-form-control-wrap\" data-name=\"cnpj\"><input size=\"40\" maxlength=\"400\" class=\"wpcf7-form-control wpcf7-text wpcf7-validates-as-required\" aria-required=\"true\" aria-invalid=\"false\" placeholder=\"Ex: 00.000.000\/0000-00\" value=\"\" type=\"text\" name=\"cnpj\" \/><\/span>\n\t\t\t<\/p>\n\t\t<\/div>\n\t\t<div class=\"half\">\n\t\t\t<p><label>E-mail<\/label><br \/>\n<span class=\"wpcf7-form-control-wrap\" data-name=\"email\"><input size=\"40\" maxlength=\"400\" class=\"wpcf7-form-control wpcf7-email wpcf7-validates-as-required wpcf7-text wpcf7-validates-as-email\" aria-required=\"true\" aria-invalid=\"false\" placeholder=\"Ex: joao@email.com.br\" value=\"\" type=\"email\" name=\"email\" \/><\/span>\n\t\t\t<\/p>\n\t\t<\/div>\n\t<\/div>\n\t<p><label>Telefone<\/label><br \/>\n<span class=\"wpcf7-form-control-wrap\" data-name=\"telefone\"><input size=\"40\" maxlength=\"400\" class=\"wpcf7-form-control wpcf7-tel wpcf7-text wpcf7-validates-as-tel\" aria-invalid=\"false\" placeholder=\"Ex: (00) 00000-0000\" value=\"\" type=\"tel\" name=\"telefone\" \/><\/span>\n\t<\/p>\n\t<div class=\"row\">\n\t\t<div class=\"cep-field\">\n\t\t\t<p><label>CEP<\/label><br \/>\n<span class=\"wpcf7-form-control-wrap\" data-name=\"cep\"><input size=\"40\" maxlength=\"400\" class=\"wpcf7-form-control wpcf7-text wpcf7-validates-as-required\" aria-required=\"true\" aria-invalid=\"false\" placeholder=\"00000-000\" value=\"\" type=\"text\" name=\"cep\" \/><\/span><br \/>\n<span class=\"cep-status\"><\/span>\n\t\t\t<\/p>\n\t\t<\/div>\n\t\t<div class=\"endereco-field\">\n\t\t\t<p><label>Endere\u00e7o<\/label><br \/>\n<span class=\"wpcf7-form-control-wrap\" data-name=\"endereco\"><input size=\"40\" maxlength=\"400\" class=\"wpcf7-form-control wpcf7-text\" aria-invalid=\"false\" value=\"\" type=\"text\" name=\"endereco\" \/><\/span>\n\t\t\t<\/p>\n\t\t<\/div>\n\t\t<div class=\"numero-field\">\n\t\t\t<p><label>N\u00famero<\/label><br \/>\n<span class=\"wpcf7-form-control-wrap\" data-name=\"numero\"><input size=\"40\" maxlength=\"400\" class=\"wpcf7-form-control wpcf7-text wpcf7-validates-as-required\" aria-required=\"true\" aria-invalid=\"false\" placeholder=\"123\" value=\"\" type=\"text\" name=\"numero\" \/><\/span>\n\t\t\t<\/p>\n\t\t<\/div>\n\t<\/div>\n\t<div class=\"row\">\n\t\t<div class=\"complemento-field\">\n\t\t\t<p><label>Complemento<\/label><br \/>\n<span class=\"wpcf7-form-control-wrap\" data-name=\"complemento\"><input size=\"40\" maxlength=\"400\" class=\"wpcf7-form-control wpcf7-text\" aria-invalid=\"false\" placeholder=\"Ex: Sala 2\" value=\"\" type=\"text\" name=\"complemento\" \/><\/span>\n\t\t\t<\/p>\n\t\t<\/div>\n\t\t<div class=\"cidade-field\">\n\t\t\t<p><label>Cidade<\/label><br \/>\n<span class=\"wpcf7-form-control-wrap\" data-name=\"cidade\"><input size=\"40\" maxlength=\"400\" class=\"wpcf7-form-control wpcf7-text\" aria-invalid=\"false\" value=\"\" type=\"text\" name=\"cidade\" \/><\/span>\n\t\t\t<\/p>\n\t\t<\/div>\n\t\t<div class=\"estado-field\">\n\t\t\t<p><label>Estado<\/label><br \/>\n<span class=\"wpcf7-form-control-wrap\" data-name=\"estado\"><input size=\"40\" maxlength=\"400\" class=\"wpcf7-form-control wpcf7-text\" aria-invalid=\"false\" value=\"\" type=\"text\" name=\"estado\" \/><\/span>\n\t\t\t<\/p>\n\t\t<\/div>\n\t<\/div>\n\t<p><label>Mensagem do solicitante<\/label><br \/>\n<span class=\"wpcf7-form-control-wrap\" data-name=\"mensagem\"><textarea cols=\"40\" rows=\"10\" maxlength=\"2000\" class=\"wpcf7-form-control wpcf7-textarea\" aria-invalid=\"false\" name=\"mensagem\"><\/textarea><\/span>\n\t<\/p>\n\t<div class=\"custom-checkbox\">\n\t\t<p><label class=\"checkbox-flex\"><br \/>\n<span class=\"wpcf7-form-control-wrap\" data-name=\"aceite-privacidade\"><span class=\"wpcf7-form-control wpcf7-checkbox wpcf7-validates-as-required obrigatorio\"><span class=\"wpcf7-list-item first last\"><label><input type=\"checkbox\" name=\"aceite-privacidade[]\" value=\"Autorizo o uso de meus dados para que me contatem e aceito os termos do aviso de privacidade.\" \/><span class=\"wpcf7-list-item-label\">Autorizo o uso de meus dados para que me contatem e aceito os termos do aviso de privacidade.<\/span><\/label><\/span><\/span><\/span><br \/>\n<\/label>\n\t\t<\/p>\n\t<\/div>\n\t<div class=\"custom-checkbox\">\n\t\t<p><label class=\"checkbox-flex\"><br \/>\n<span class=\"wpcf7-form-control-wrap\" data-name=\"aceite-marketing\"><span class=\"wpcf7-form-control wpcf7-checkbox wpcf7-validates-as-required obrigatorio\"><span class=\"wpcf7-list-item first last\"><label><input type=\"checkbox\" name=\"aceite-marketing[]\" value=\"Autorizo o uso dos meus dados pessoais pelo Grupo Naturgy e suas empresas parceiras para a\u00e7\u00f5es comerciais, promocionais e\/ou de marketing.\" \/><span class=\"wpcf7-list-item-label\">Autorizo o uso dos meus dados pessoais pelo Grupo Naturgy e suas empresas parceiras para a\u00e7\u00f5es comerciais, promocionais e\/ou de marketing.<\/span><\/label><\/span><\/span><\/span><br \/>\n<\/label>\n\t\t<\/p>\n\t<\/div>\n\t<p><input class=\"wpcf7-form-control wpcf7-submit has-spinner\" type=\"submit\" value=\"Enviar\" \/>\n\t<\/p>\n<\/div><div class=\"wpcf7-response-output\" aria-hidden=\"true\"><\/div>\n<\/form>\n<\/div>\n\n","protected":false},"excerpt":{"rendered":"","protected":false},"author":1,"featured_media":0,"parent":0,"menu_order":0,"comment_status":"closed","ping_status":"open","template":"","meta":{"footnotes":""},"class_list":["post-2","page","type-page","status-publish","hentry"],"_links":{"self":[{"href":"https:\/\/form.terasys.com.br\/index.php\/wp-json\/wp\/v2\/pages\/2","targetHints":{"allow":["GET"]}}],"collection":[{"href":"https:\/\/form.terasys.com.br\/index.php\/wp-json\/wp\/v2\/pages"}],"about":[{"href":"https:\/\/form.terasys.com.br\/index.php\/wp-json\/wp\/v2\/types\/page"}],"author":[{"embeddable":true,"href":"https:\/\/form.terasys.com.br\/index.php\/wp-json\/wp\/v2\/users\/1"}],"replies":[{"embeddable":true,"href":"https:\/\/form.terasys.com.br\/index.php\/wp-json\/wp\/v2\/comments?post=2"}],"version-history":[{"count":4,"href":"https:\/\/form.terasys.com.br\/index.php\/wp-json\/wp\/v2\/pages\/2\/revisions"}],"predecessor-version":[{"id":76,"href":"https:\/\/form.terasys.com.br\/index.php\/wp-json\/wp\/v2\/pages\/2\/revisions\/76"}],"wp:attachment":[{"href":"https:\/\/form.terasys.com.br\/index.php\/wp-json\/wp\/v2\/media?parent=2"}],"curies":[{"name":"wp","href":"https:\/\/api.w.org\/{rel}","templated":true}]}}